{"id":2383,"date":"2015-12-28T22:01:31","date_gmt":"2015-12-28T21:01:31","guid":{"rendered":"https:\/\/aloudmusic.com\/wp\/en\/product\/lomueso-hoiden-limother-petity-vefucker\/"},"modified":"2020-01-23T13:51:31","modified_gmt":"2020-01-23T12:51:31","slug":"lomueso-hoiden-limother-petity-vefucker","status":"publish","type":"product","link":"https:\/\/tienda.aloudmusic.com\/en\/producto\/lomueso-hoiden-limother-petity-vefucker\/","title":{"rendered":"(lo:mu\u00easo) &#8211; Hoid\u00ean Limother Petity Vefuck\u00ear"},"content":{"rendered":"<p>It took almost five years to<strong> (lo:mu\u00easo)<\/strong>\u00a0to prepare their new album. Sometimes you have to wait, and, listening to the result, every day\u00a0has been worth it. \u00a0han estado casi un lustro para preparar su nuevo disco.\u00a0<\/p>\n<p>Bold, overwhelming, intense and personal, &#8220;<strong>Hoid\u00ean Limother Petity Vefuck\u00ear<\/strong>&#8221; is a\u00a0DIY declaration full of \u00a0heartbreaking noise with instant classics like\u00a0&#8220;<em>Amarillo Mortimer<\/em>&#8221; or &#8220;<em>Katazome Falls<\/em>&#8220;, and with songs that vary their length from one minute &#8220;<em>Svetehan (El-Kaneh\u00eaem)<\/em>&#8221; to almost\u00a018 in\u00a0&#8220;<em>Black Scissors<\/em>&#8220;, a unique experiment in their career that confirms that <strong>(lo:mu\u00easo)<\/strong>\u00a0is a free spirit without complex.<\/p>\n<p><img decoding=\"async\" src=\"https:\/\/aloudmusic.com\/imagenes\/mockup3.png\" alt=\"\" width=\"375\" \/><\/p>\n<p>This album is released on CD in different limited editions of 100 copies. The first edition, &#8220;<strong>Hope<\/strong>&#8220;, sold out in a few weeks. The second edition\u00a0&#8220;<strong>Identity<\/strong>&#8220;,\u00a0is currently on sale.\u00a0<\/p>\n<p>Welcome back, friends.<\/p>\n","protected":false},"excerpt":{"rendered":"<p>This album is released on CD in different limited editions of 100 copies. The first edition, &#8220;<strong>Hope<\/strong>&#8220;, sold out in a few weeks. The second edition\u00a0&#8220;<strong>Identity<\/strong>&#8220;,\u00a0is currently on sale.\u00a0<\/p>\n<p>[tracklisting id=1606 tracks=2,4,8]<\/p>\n","protected":false},"featured_media":1612,"comment_status":"open","ping_status":"closed","template":"","meta":[],"product_brand":[],"product_cat":[326,351,759,1214],"product_tag":[546,547,551,561],"class_list":{"0":"post-2383","1":"product","2":"type-product","3":"status-publish","4":"has-post-thumbnail","6":"product_cat-aloud-music-ltd","7":"product_cat-cds-en","8":"product_cat-offers","9":"product_cat-lomueso-en","10":"product_tag-noise-en","11":"product_tag-alternative-rock-en","12":"product_tag-post-hardcore-en","13":"product_tag-shoegaze-en","14":"entry","15":"clearfix","16":"entry-grid","17":"entry-columns-default","18":"entry-product-module-layout-sidebar-right","19":"thumbnail-color-tone-dark","20":"entry-product","22":"entry-product-grid","24":"first","25":"instock","26":"sale","27":"shipping-taxable","28":"purchasable","29":"product-type-simple"},"composite_virtual":false,"composite_layout":"","composite_add_to_cart_form_location":"","composite_editable_in_cart":false,"composite_sold_individually_context":"","composite_shop_price_calc":"","composite_components":[],"composite_scenarios":[],"group_of_quantity":0,"min_quantity":0,"max_quantity":"","exclude_order_quantity_value_rules":"no","exclude_category_quantity_rules":"no","combine_variations":"no","_links":{"self":[{"href":"https:\/\/tienda.aloudmusic.com\/en\/wp-json\/wp\/v2\/product\/2383","targetHints":{"allow":["GET"]}}],"collection":[{"href":"https:\/\/tienda.aloudmusic.com\/en\/wp-json\/wp\/v2\/product"}],"about":[{"href":"https:\/\/tienda.aloudmusic.com\/en\/wp-json\/wp\/v2\/types\/product"}],"replies":[{"embeddable":true,"href":"https:\/\/tienda.aloudmusic.com\/en\/wp-json\/wp\/v2\/comments?post=2383"}],"wp:featuredmedia":[{"embeddable":true,"href":"https:\/\/tienda.aloudmusic.com\/en\/wp-json\/wp\/v2\/media\/1612"}],"wp:attachment":[{"href":"https:\/\/tienda.aloudmusic.com\/en\/wp-json\/wp\/v2\/media?parent=2383"}],"wp:term":[{"taxonomy":"product_brand","embeddable":true,"href":"https:\/\/tienda.aloudmusic.com\/en\/wp-json\/wp\/v2\/product_brand?post=2383"},{"taxonomy":"product_cat","embeddable":true,"href":"https:\/\/tienda.aloudmusic.com\/en\/wp-json\/wp\/v2\/product_cat?post=2383"},{"taxonomy":"product_tag","embeddable":true,"href":"https:\/\/tienda.aloudmusic.com\/en\/wp-json\/wp\/v2\/product_tag?post=2383"}],"curies":[{"name":"wp","href":"https:\/\/api.w.org\/{rel}","templated":true}]}}