{"id":2657,"date":"2016-01-03T23:01:56","date_gmt":"2016-01-03T22:01:56","guid":{"rendered":"https:\/\/aloudmusic.com\/wp\/en\/product\/bloomington-activando-la-disidencia\/"},"modified":"2019-11-24T01:28:01","modified_gmt":"2019-11-24T00:28:01","slug":"bloomington-activando-la-disidencia","status":"publish","type":"product","link":"https:\/\/tienda.aloudmusic.com\/en\/producto\/bloomington-activando-la-disidencia\/","title":{"rendered":"Bloomington &#8211; Activando la disidencia"},"content":{"rendered":"<p>When listening to\u00a0&#8220;<b>Activando la disidencia<\/b>&#8221; you end up surprised, exhausted, knocked out. These 9 songs are the summary of what <strong>Bloomington<\/strong> is: influences from indie-rock from the previous decade\u00a0(<b>Nada Surf, The Get-Up Kids<\/b>) together with their well known taste for bands of the end of the 70&#8217;s (<b>The Clash, Elvis Costello<\/b>).<\/p>\n<p><b>&#8220;Activando la disidencia&#8221;<\/b>\u00a0is good for what it says, how it says and what leaves in your subconscious.\u00a0<\/p>\n<p><span style=\"line-height: 1.5;\">Sin embargo,\u00a0<\/span><b style=\"line-height: 1.5;\">Activando la disidencia<\/b><span style=\"line-height: 1.5;\">\u00a0tiene un aire propio, original, porque ahora la contundente utilizaci\u00f3n de las bases r\u00edtmicas en temas como\u00a0<\/span><i style=\"line-height: 1.5;\">\u201cNo todo est\u00e1 perdido\u201d<\/i><span style=\"line-height: 1.5;\">\u00a0o\u00a0<\/span><i style=\"line-height: 1.5;\">\u201cLa corporaci\u00f3n\u201d<\/i><span style=\"line-height: 1.5;\">\u00a0va acompa\u00f1ada de unas guitarras levemente distorsionadas en las que la voz se alza con autoridad, creando un ambiente que se aleja del lugar al que\u00a0<\/span><b style=\"line-height: 1.5;\">Bloomington<\/b><span style=\"line-height: 1.5;\">\u00a0nos hab\u00eda llevado en sus discos anteriores. As\u00ed, todo el lp est\u00e1 presidido por una tonalidad intensa, minimalista y radiante (<\/span><i style=\"line-height: 1.5;\">\u201cEmpezar otra vez\u201d<\/i><span style=\"line-height: 1.5;\">,\u00a0<\/span><i style=\"line-height: 1.5;\">\u201cLugares comunes\u201d<\/i><span style=\"line-height: 1.5;\">) que contrasta con algunos cortes m\u00e1s instrumentados, como esa tierna e incisiva canci\u00f3n llamada\u00a0<\/span><i style=\"line-height: 1.5;\">\u201cRedactor Jefe\u201d<\/i><span style=\"line-height: 1.5;\">, por no hablar de una joya de las caracter\u00edsticas de\u00a0<\/span><i style=\"line-height: 1.5;\">\u201cMadrid Rock\u201d<\/i><span style=\"line-height: 1.5;\">\u00a0(tanto por lo que dice, como por c\u00f3mo lo dice) o de la enorme intensidad de\u00a0<\/span><i style=\"line-height: 1.5;\">&#8220;Lear&#8221;<\/i><span style=\"line-height: 1.5;\">, la canci\u00f3n que cierra el \u00e1lbum.<\/span><\/p>\n<p>Y es por lo que dice donde este disco tiene posiblemente su mayor atractivo. Tras una primera escucha, nadie dudar\u00eda de que\u00a0<b>Activando la disidencia<\/b>\u00a0es un disco de letras pol\u00edticas y combativas, pero tras esa apariencia se esconde una doble lectura que lo hace especial: el desamor, la lucha constante contra uno mismo y sus l\u00edmites, su visi\u00f3n del mundo como banda&#8230;<\/p>\n<p><b>Activando la disidencia<\/b>\u00a0es bueno por lo que dice, por c\u00f3mo lo dice, y por lo que deja en el subconsciente. Y es que de ellos siempre se ha esperado lo mejor y este nuevo trabajo parece confirmar, al fin, todo su potencial.<\/p>\n<h3>TRACKLIST<\/h3>\n<p>001. Empezar otra vez<br \/> 002. No todo est\u00e1 perdido<br \/> 003. Lugares comunes<br \/> 004. Madrid rock<br \/> 005. Cuando fuimos reyes<br \/> 006. Redactor jefe<br \/> 007. La corporaci\u00f3n<br \/> 008. Trenes rigurosamente vigilados<br \/> 009. Lear<\/p>\n","protected":false},"excerpt":{"rendered":"<p>When listening to\u00a0&#8220;<b>Activando la disidencia<\/b>&#8221; you end up surprised, exhausted, knocked out. These 9 songs are the summary of what <strong>Bloomington<\/strong> is: influences from indie-rock from the previous decade\u00a0(<b>Nada Surf, The Get-Up Kids<\/b>) together with their well known taste for bands of the end of the 70&#8217;s (<b>The Clash, Elvis Costello<\/b>).<\/p>\n<p><b>&#8220;Activando la disidencia&#8221;<\/b>\u00a0is good for what it says, how it says and what leaves in your subconscious.\u00a0<\/p>\n","protected":false},"featured_media":1129,"comment_status":"open","ping_status":"closed","template":"","meta":[],"product_brand":[],"product_cat":[326,351,759,1220],"product_tag":[],"class_list":{"0":"post-2657","1":"product","2":"type-product","3":"status-publish","4":"has-post-thumbnail","6":"product_cat-aloud-music-ltd","7":"product_cat-cds-en","8":"product_cat-offers","9":"product_cat-bloomington-en","10":"entry","11":"clearfix","12":"entry-grid","13":"entry-columns-default","14":"entry-product-module-layout-sidebar-right","15":"thumbnail-color-tone-dark","16":"entry-product","18":"entry-product-grid","20":"first","21":"instock","22":"sale","23":"shipping-taxable","24":"purchasable","25":"product-type-simple"},"composite_virtual":false,"composite_layout":"","composite_add_to_cart_form_location":"","composite_editable_in_cart":false,"composite_sold_individually_context":"","composite_shop_price_calc":"","composite_components":[],"composite_scenarios":[],"group_of_quantity":0,"min_quantity":0,"max_quantity":"","exclude_order_quantity_value_rules":"no","exclude_category_quantity_rules":"no","combine_variations":"no","_links":{"self":[{"href":"https:\/\/tienda.aloudmusic.com\/en\/wp-json\/wp\/v2\/product\/2657","targetHints":{"allow":["GET"]}}],"collection":[{"href":"https:\/\/tienda.aloudmusic.com\/en\/wp-json\/wp\/v2\/product"}],"about":[{"href":"https:\/\/tienda.aloudmusic.com\/en\/wp-json\/wp\/v2\/types\/product"}],"replies":[{"embeddable":true,"href":"https:\/\/tienda.aloudmusic.com\/en\/wp-json\/wp\/v2\/comments?post=2657"}],"wp:featuredmedia":[{"embeddable":true,"href":"https:\/\/tienda.aloudmusic.com\/en\/wp-json\/wp\/v2\/media\/1129"}],"wp:attachment":[{"href":"https:\/\/tienda.aloudmusic.com\/en\/wp-json\/wp\/v2\/media?parent=2657"}],"wp:term":[{"taxonomy":"product_brand","embeddable":true,"href":"https:\/\/tienda.aloudmusic.com\/en\/wp-json\/wp\/v2\/product_brand?post=2657"},{"taxonomy":"product_cat","embeddable":true,"href":"https:\/\/tienda.aloudmusic.com\/en\/wp-json\/wp\/v2\/product_cat?post=2657"},{"taxonomy":"product_tag","embeddable":true,"href":"https:\/\/tienda.aloudmusic.com\/en\/wp-json\/wp\/v2\/product_tag?post=2657"}],"curies":[{"name":"wp","href":"https:\/\/api.w.org\/{rel}","templated":true}]}}