{"id":5188,"date":"2016-09-19T07:21:04","date_gmt":"2016-09-19T06:21:04","guid":{"rendered":"https:\/\/aloudmusic.com\/en\/producto\/jardin-de-la-croix-circadia\/"},"modified":"2020-11-28T00:49:25","modified_gmt":"2020-11-27T23:49:25","slug":"jardin-de-la-croix-circadia","status":"publish","type":"product","link":"https:\/\/tienda.aloudmusic.com\/en\/producto\/jardin-de-la-croix-circadia\/","title":{"rendered":"Jard\u00edn de la Croix &#8211; Circadia"},"content":{"rendered":"<p>Their live shows are impressive, their tappings impossible and they rhythms possessed by the devil. Moreover,\u00a0<strong>JARDIN DE LA CROIX<\/strong>\u00a0have, without any doubt, written some of the best songs of the so-called &#8220;new math rock&#8221; in Europe. With their former album, \u201c187 steps to cross the universe\u201d (2013, Lar Gravacions) they confirmed their evolution, but now, with &#8220;Circadia&#8221; (Aloud Music \/ Lar) they created a piece of \u00a0uncontrollable rock that flirts with schizophrenia, makes their passion for the difficult even bigger and that will bring them the recognition of a wide audience and specialized media.<\/p>\n<p>Formed by Israel Arias\u00a0(drums), Ander Carballo (guitar and synth), Pablo Rodr\u00edguez (guitar) y Nacho Hern\u00e1ndez (bass), <strong>Jard\u00edn de la Croix<\/strong> is a compact band, 4 albums already released and always growing. Seeing them live is a MUST if you like progressive or instrumental rock. And if it isn&#8217;t, you can discover a world that would drive you crazy for a while.<\/p>\n","protected":false},"excerpt":{"rendered":"<p>The first 200 units will be shipped with a special cover &#8211; limted edition.<\/p>\n<p><a href=\"http:\/\/jardindelacroix.bandcamp.com\/track\/intermareals-2\">Intermareals by Jard\u00edn de la Croix<\/a><\/p>\n","protected":false},"featured_media":5189,"comment_status":"open","ping_status":"closed","template":"","meta":[],"product_brand":[],"product_cat":[326,338,351],"product_tag":[875,550,552,553,873],"class_list":{"0":"post-5188","1":"product","2":"type-product","3":"status-publish","4":"has-post-thumbnail","6":"product_cat-aloud-music-ltd","7":"product_cat-jardin-de-la-croix","8":"product_cat-cds-en","9":"product_tag-prog-en","10":"product_tag-math-rock-en","11":"product_tag-post-rock-en","12":"product_tag-instrumental-en","13":"product_tag-math-en","14":"entry","15":"clearfix","16":"entry-grid","17":"entry-columns-default","18":"entry-product-module-layout-sidebar-right","19":"thumbnail-color-tone-light","20":"entry-product","22":"entry-product-grid","24":"first","25":"instock","26":"shipping-taxable","27":"purchasable","28":"product-type-simple"},"composite_virtual":false,"composite_layout":"","composite_add_to_cart_form_location":"","composite_editable_in_cart":false,"composite_sold_individually_context":"","composite_shop_price_calc":"","composite_components":[],"composite_scenarios":[],"group_of_quantity":0,"min_quantity":0,"max_quantity":"","exclude_order_quantity_value_rules":"no","exclude_category_quantity_rules":"no","combine_variations":"no","_links":{"self":[{"href":"https:\/\/tienda.aloudmusic.com\/en\/wp-json\/wp\/v2\/product\/5188","targetHints":{"allow":["GET"]}}],"collection":[{"href":"https:\/\/tienda.aloudmusic.com\/en\/wp-json\/wp\/v2\/product"}],"about":[{"href":"https:\/\/tienda.aloudmusic.com\/en\/wp-json\/wp\/v2\/types\/product"}],"replies":[{"embeddable":true,"href":"https:\/\/tienda.aloudmusic.com\/en\/wp-json\/wp\/v2\/comments?post=5188"}],"wp:featuredmedia":[{"embeddable":true,"href":"https:\/\/tienda.aloudmusic.com\/en\/wp-json\/wp\/v2\/media\/5189"}],"wp:attachment":[{"href":"https:\/\/tienda.aloudmusic.com\/en\/wp-json\/wp\/v2\/media?parent=5188"}],"wp:term":[{"taxonomy":"product_brand","embeddable":true,"href":"https:\/\/tienda.aloudmusic.com\/en\/wp-json\/wp\/v2\/product_brand?post=5188"},{"taxonomy":"product_cat","embeddable":true,"href":"https:\/\/tienda.aloudmusic.com\/en\/wp-json\/wp\/v2\/product_cat?post=5188"},{"taxonomy":"product_tag","embeddable":true,"href":"https:\/\/tienda.aloudmusic.com\/en\/wp-json\/wp\/v2\/product_tag?post=5188"}],"curies":[{"name":"wp","href":"https:\/\/api.w.org\/{rel}","templated":true}]}}