{"id":7713,"date":"2017-11-03T12:04:19","date_gmt":"2017-11-03T11:04:19","guid":{"rendered":"https:\/\/aloudmusic.com\/producto\/gambardella-benicarlo\/"},"modified":"2023-05-10T11:09:20","modified_gmt":"2023-05-10T10:09:20","slug":"gambardella-benicarlo","status":"publish","type":"product","link":"https:\/\/tienda.aloudmusic.com\/en\/producto\/gambardella-benicarlo\/","title":{"rendered":"Gambardella &#8211; Benicarl\u00f3 (LP)"},"content":{"rendered":"<p>Power trio formed by Victor Teller (bass), \u00d3scar Altaba (drums) and Jaume L. Pantale\u00f3n (guitars\/synth). &#8220;Benicarl\u00f3&#8221; is their debut album. An intelligent mix of freejazz, rock and psycodelia.<\/p>\n<p><a href=\"http:\/\/gambardella.bandcamp.com\/album\/benicarl\">Benicarl\u00f3 by Gambardella<\/a><\/p>\n","protected":false},"excerpt":{"rendered":"<p>Power trio formed by Victor Teller (bass), \u00d3scar Altaba (drums) and Jaume L. Pantale\u00f3n (guitars\/synth). &#8220;Benicarl\u00f3&#8221; is their debut album. An intelligent mix of freejazz, rock and psycodelia. Benicarl\u00f3 by Gambardella<\/p>\n","protected":false},"featured_media":7712,"comment_status":"open","ping_status":"closed","template":"","meta":[],"product_brand":[],"product_cat":[745,759,326,355],"product_tag":[553,734,746,747,748,552],"class_list":{"0":"post-7713","1":"product","2":"type-product","3":"status-publish","4":"has-post-thumbnail","6":"product_cat-gambardella-en","7":"product_cat-offers","8":"product_cat-aloud-music-ltd","9":"product_cat-vinyls","10":"product_tag-instrumental-en","11":"product_tag-rock-en","12":"product_tag-gambardella-en","13":"product_tag-freejazz-en","14":"product_tag-12twelve-en","15":"product_tag-post-rock-en","16":"entry","17":"clearfix","18":"entry-grid","19":"entry-columns-default","20":"entry-product-module-layout-sidebar-right","21":"thumbnail-color-tone-light","22":"entry-product","24":"entry-product-grid","26":"first","27":"instock","28":"sale","29":"shipping-taxable","30":"purchasable","31":"product-type-simple"},"composite_virtual":false,"composite_layout":"","composite_add_to_cart_form_location":"","composite_editable_in_cart":false,"composite_sold_individually_context":"","composite_shop_price_calc":"","composite_components":[],"composite_scenarios":[],"group_of_quantity":0,"min_quantity":0,"max_quantity":"","exclude_order_quantity_value_rules":"no","exclude_category_quantity_rules":"no","combine_variations":"no","_links":{"self":[{"href":"https:\/\/tienda.aloudmusic.com\/en\/wp-json\/wp\/v2\/product\/7713","targetHints":{"allow":["GET"]}}],"collection":[{"href":"https:\/\/tienda.aloudmusic.com\/en\/wp-json\/wp\/v2\/product"}],"about":[{"href":"https:\/\/tienda.aloudmusic.com\/en\/wp-json\/wp\/v2\/types\/product"}],"replies":[{"embeddable":true,"href":"https:\/\/tienda.aloudmusic.com\/en\/wp-json\/wp\/v2\/comments?post=7713"}],"wp:featuredmedia":[{"embeddable":true,"href":"https:\/\/tienda.aloudmusic.com\/en\/wp-json\/wp\/v2\/media\/7712"}],"wp:attachment":[{"href":"https:\/\/tienda.aloudmusic.com\/en\/wp-json\/wp\/v2\/media?parent=7713"}],"wp:term":[{"taxonomy":"product_brand","embeddable":true,"href":"https:\/\/tienda.aloudmusic.com\/en\/wp-json\/wp\/v2\/product_brand?post=7713"},{"taxonomy":"product_cat","embeddable":true,"href":"https:\/\/tienda.aloudmusic.com\/en\/wp-json\/wp\/v2\/product_cat?post=7713"},{"taxonomy":"product_tag","embeddable":true,"href":"https:\/\/tienda.aloudmusic.com\/en\/wp-json\/wp\/v2\/product_tag?post=7713"}],"curies":[{"name":"wp","href":"https:\/\/api.w.org\/{rel}","templated":true}]}}